{"id":10,"date":"2017-02-24T19:44:28","date_gmt":"2017-02-24T18:44:28","guid":{"rendered":"https:\/\/triptribu.wordpress.com\/?page_id=3"},"modified":"2017-02-24T19:44:28","modified_gmt":"2017-02-24T18:44:28","slug":"contact","status":"publish","type":"page","link":"https:\/\/triptribu.com\/?page_id=10","title":{"rendered":"Contact"},"content":{"rendered":"<p>Un petit message, un grand commentaire, des questions, ou vous souhaitez partager un grand coup de c\u0153ur. N&rsquo;h\u00e9sitez pas \u00e0 m&rsquo;\u00e9crire un petit mot\u00a0 &#8230; Je serais ravie de vous r\u00e9pondre.<br \/>\nVous avez plusieurs possibilit\u00e9s pour me contacter : via <a href=\"https:\/\/www.facebook.com\/TripTribu\/?ref=bookmarks\" target=\"_blank\" rel=\"noopener noreferrer\">Facebook<\/a>, <a href=\"https:\/\/www.instagram.com\/triptribu\/\" target=\"_blank\" rel=\"noopener noreferrer\">Instagram<\/a><br \/>\nAu plaisir de vous lire.<br \/>\n&nbsp;<\/p>\n","protected":false},"excerpt":{"rendered":"<p>Ceci est un petit extrait destin\u00e9 \u00e0 la page \u00ab&nbsp;Contact\u00a0\u00bb.<\/p>\n","protected":false},"author":2,"featured_media":0,"parent":0,"menu_order":2,"comment_status":"closed","ping_status":"closed","template":"","meta":{"footnotes":""},"class_list":["post-10","page","type-page","status-publish","hentry"],"_links":{"self":[{"href":"https:\/\/triptribu.com\/index.php?rest_route=\/wp\/v2\/pages\/10","targetHints":{"allow":["GET"]}}],"collection":[{"href":"https:\/\/triptribu.com\/index.php?rest_route=\/wp\/v2\/pages"}],"about":[{"href":"https:\/\/triptribu.com\/index.php?rest_route=\/wp\/v2\/types\/page"}],"author":[{"embeddable":true,"href":"https:\/\/triptribu.com\/index.php?rest_route=\/wp\/v2\/users\/2"}],"replies":[{"embeddable":true,"href":"https:\/\/triptribu.com\/index.php?rest_route=%2Fwp%2Fv2%2Fcomments&post=10"}],"version-history":[{"count":0,"href":"https:\/\/triptribu.com\/index.php?rest_route=\/wp\/v2\/pages\/10\/revisions"}],"wp:attachment":[{"href":"https:\/\/triptribu.com\/index.php?rest_route=%2Fwp%2Fv2%2Fmedia&parent=10"}],"curies":[{"name":"wp","href":"https:\/\/api.w.org\/{rel}","templated":true}]}}